{"id":3262,"date":"2023-06-22T09:36:33","date_gmt":"2023-06-22T09:36:33","guid":{"rendered":"https:\/\/old.fpcirgl.org\/resolutions\/"},"modified":"2023-06-22T09:36:34","modified_gmt":"2023-06-22T09:36:34","slug":"resolutions","status":"publish","type":"page","link":"https:\/\/old.fpcirgl.org\/en\/resolutions\/","title":{"rendered":"Resolutions"},"content":{"rendered":"\n<table id=\"tablepress-10\" class=\"tablepress tablepress-id-10\">\n<thead>\n<tr class=\"row-1\">\n\t<th class=\"column-1\">Version fran\u00e7aise\/French Version<\/th><th class=\"column-2\">Version anglaise\/English version<\/th>\n<\/tr>\n<\/thead>\n<tbody class=\"row-striping row-hover\">\n<tr class=\"row-2\">\n\t<td class=\"column-1\"><a href=\"https:\/\/old.fpcirgl.org\/wp-content\/uploads\/2023\/06\/Resolution-sur-le-role-des-Parlements-dans-la-resolution-des-conflits-dans-la-Region-des-Grands-Lacs.pdf\">R\u00e9solution sur le r\u00f4le des Parlements dans la r\u00e9solution des conflits dans la R\u00e9gion des Grands Lacs<\/a><\/td><td class=\"column-2\"><a href=\"https:\/\/old.fpcirgl.org\/wp-content\/uploads\/2023\/06\/Resolution-on-the-role-of-parliaments-in-conflict-resolution-in-the-Great-Lakes-Region.pdf\">Resolution on the role of parliaments in conflict resolution in the Great Lakes Region<\/a><\/td>\n<\/tr>\n<tr class=\"row-3\">\n\t<td class=\"column-1\"><a href=\"https:\/\/old.fpcirgl.org\/wp-content\/uploads\/2023\/06\/Resolution-sur-les-strategies-de-relance-economique-dans-lapres-Covid-19-dans-les-Etats-membres-de-la-CIRGL-.pdf\">R\u00e9solution sur les strat\u00e9gies de relance \u00e9conomique dans l&#8217;apr\u00e8s Covid-19 dans les Etats membres de la CIRGL<\/a><\/td><td class=\"column-2\"><a href=\"https:\/\/old.fpcirgl.org\/wp-content\/uploads\/2023\/06\/Resolution-on-strategies-to-jump-start-economies-post-Covid-19-in-ICGLR-Member-States.pdf\">Resolution on strategies to jump-start economies post Covid-19 in ICGLR Member States<\/a><\/td>\n<\/tr>\n<tr class=\"row-4\">\n\t<td class=\"column-1\"><a href=\"https:\/\/old.fpcirgl.org\/wp-content\/uploads\/2023\/06\/Resolution-sur-la-situation-politique-securitaire-et-humanitaire-en-Republique-Centrafricaine.pdf\">R\u00e9solution sur la situation politique, s\u00e9curitaire et humanitaire en R\u00e9publique Centrafricaine<\/a><\/td><td class=\"column-2\"><a href=\"https:\/\/old.fpcirgl.org\/wp-content\/uploads\/2023\/06\/Resolution-on-the-political-security-and-humanitarian-situation-in-Central-African-Republic.pdf\">Resolution on the political, security and humanitarian situation in Central African Republic<\/a><\/td>\n<\/tr>\n<tr class=\"row-5\">\n\t<td class=\"column-1\"><a href=\"https:\/\/old.fpcirgl.org\/wp-content\/uploads\/2023\/06\/Resolution-sur-la-situation-politique-securitaire-et-humanitaire-en-Republique-Democratique-du-Congo.pdf\">R\u00e9solution sur la situation politique, s\u00e9curitaire et humanitaire en R\u00e9publique D\u00e9mocratique du Congo<\/a><\/td><td class=\"column-2\"><a href=\"https:\/\/old.fpcirgl.org\/wp-content\/uploads\/2023\/06\/Resolution-on-the-political-security-and-humanitarian-situation-in-Democratic-Republic-of-Congo.pdf\">Resolution on the political, security and humanitarian situation in Democratic Republic of Congo<\/a><\/td>\n<\/tr>\n<tr class=\"row-6\">\n\t<td class=\"column-1\"><a href=\"https:\/\/old.fpcirgl.org\/wp-content\/uploads\/2023\/06\/Resolution-sur-la-situation-politique-securitaire-et-humanitaire-en-Republique-du-Soudan.pdf\">R\u00e9solution sur la situation politique, s\u00e9curitaire et humanitaire en R\u00e9publique du Soudan<\/a><\/td><td class=\"column-2\"><a href=\"https:\/\/old.fpcirgl.org\/wp-content\/uploads\/2023\/06\/Resolution-on-the-political-security-and-humanitarian-situation-in-the-Republic-of-Sudan.pdf\">Resolution on the political, security and humanitarian situation in the Republic of Sudan<\/a><\/td>\n<\/tr>\n<tr class=\"row-7\">\n\t<td class=\"column-1\"><a href=\"https:\/\/old.fpcirgl.org\/wp-content\/uploads\/2023\/06\/Resolution-sur-la-situation-politique-securitaire-et-humanitaire-en-Republique-du-Soudan-du-Sud.pdf\">R\u00e9solution sur la situation politique, s\u00e9curitaire et humanitaire en R\u00e9publique du Soudan du Sud<\/a><\/td><td class=\"column-2\"><a href=\"https:\/\/old.fpcirgl.org\/wp-content\/uploads\/2023\/06\/Resolution-on-the-political-security-and-humanitarian-situation-in-the-Republic-of-South-Sudan.pdf\">Resolution on the political, security and humanitarian situation in the Republic of South Sudan<\/a><\/td>\n<\/tr>\n<tr class=\"row-8\">\n\t<td class=\"column-1\"><a href=\"https:\/\/old.fpcirgl.org\/wp-content\/uploads\/2023\/06\/Resolution-sur-le-defi-des-refugies-et-des-deplaces-internes-dans-la-region-des-Grands-Lacs.pdf\">R\u00e9solution sur le d\u00e9fi des r\u00e9fugi\u00e9s et des d\u00e9plac\u00e9s internes dans la r\u00e9gion des Grands Lacs<\/a><\/td><td class=\"column-2\"><a href=\"https:\/\/old.fpcirgl.org\/wp-content\/uploads\/2023\/06\/Resolution-on-the-Challenge-of-Refugee-and-IDPs-in-the-Great-Lakes-Region.pdf\">Resolution on the Challenge of Refugee and IDPs in the Great Lakes Region<\/a><\/td>\n<\/tr>\n<tr class=\"row-9\">\n\t<td class=\"column-1\"><a href=\"https:\/\/old.fpcirgl.org\/wp-content\/uploads\/2023\/06\/Resolution-sur-le-recourt-a-la-diplomatie-parlementaire.pdf\">R\u00e9solution sur le recourt \u00e0 la diplomatie parlementaire<\/a><\/td><td class=\"column-2\"><a href=\"https:\/\/old.fpcirgl.org\/wp-content\/uploads\/2023\/06\/Resolution-on-employment-of-Parliamentary-Diplomacy.pdf\">Resolution on employment of Parliamentary Diplomacy<\/a><\/td>\n<\/tr>\n<tr class=\"row-10\">\n\t<td class=\"column-1\"><a href=\"https:\/\/old.fpcirgl.org\/wp-content\/uploads\/2023\/06\/Resolution-sur-les-impacts-de-lexploitation-illegale-des-ressources-naturelles-sur-les-conflits-dans-la-Region-des-Grands-Lacs.pdf\">R\u00e9solution sur les impacts de l&#8217;exploitation ill\u00e9gale des ressources naturelles sur les conflits dans la R\u00e9gion des Grands Lacs<\/a><\/td><td class=\"column-2\"><a href=\"https:\/\/old.fpcirgl.org\/wp-content\/uploads\/2023\/06\/Resolution-on-the-impacts-of-illegal-exploitation-of-natural-resources-on-conflicts-in-the-Great-Lakes-Region.pdf\">Resolution on the impacts of illegal exploitation of natural resources on conflicts in the Great Lakes Region<\/a><\/td>\n<\/tr>\n<tr class=\"row-11\">\n\t<td class=\"column-1\"><a href=\"https:\/\/old.fpcirgl.org\/wp-content\/uploads\/2023\/06\/Resolution-sur-les-mecanismes-de-mise-en-oeuvre-effective-des-resolutions-et-recommandations-du-FP-CIRGL.pdf\">R\u00e9solution sur les m\u00e9canismes de mise en \u0153uvre effective des r\u00e9solutions et recommandations du FP-CIRGL<\/a><\/td><td class=\"column-2\"><a href=\"https:\/\/old.fpcirgl.org\/wp-content\/uploads\/2023\/06\/Resolution-on-Mechanisms-for-effective-implementation-of-the-resolutions-and-recommendations-of-FP-ICGLR.pdf\">Resolution on Mechanisms for effective implementation of the resolutions and recommendations of FP-ICGLR<\/a><\/td>\n<\/tr>\n<\/tbody>\n<\/table>\n<!-- #tablepress-10 from cache -->","protected":false},"excerpt":{"rendered":"","protected":false},"author":1,"featured_media":0,"parent":0,"menu_order":0,"comment_status":"closed","ping_status":"closed","template":"","meta":{"ngg_post_thumbnail":0,"footnotes":""},"class_list":["post-3262","page","type-page","status-publish","hentry"],"yoast_head":"<!-- This site is optimized with the Yoast SEO plugin v24.8.1 - https:\/\/yoast.com\/wordpress\/plugins\/seo\/ -->\n<title>Resolutions - Forum des Parlements des Etats membres de la Conf\u00e9rence Internationale sur la R\u00e9gion des Grands Lacs (FP-CIRGL)<\/title>\n<meta name=\"robots\" content=\"index, follow, max-snippet:-1, max-image-preview:large, max-video-preview:-1\" \/>\n<link rel=\"canonical\" href=\"https:\/\/old.fpcirgl.org\/en\/resolutions\/\" \/>\n<meta property=\"og:locale\" content=\"en_US\" \/>\n<meta property=\"og:type\" content=\"article\" \/>\n<meta property=\"og:title\" content=\"Resolutions - Forum des Parlements des Etats membres de la Conf\u00e9rence Internationale sur la R\u00e9gion des Grands Lacs (FP-CIRGL)\" \/>\n<meta property=\"og:url\" content=\"https:\/\/old.fpcirgl.org\/en\/resolutions\/\" \/>\n<meta property=\"og:site_name\" content=\"Forum des Parlements des Etats membres de la Conf\u00e9rence Internationale sur la R\u00e9gion des Grands Lacs (FP-CIRGL)\" \/>\n<meta property=\"article:publisher\" content=\"https:\/\/web.facebook.com\/fpcirgl\/\" \/>\n<meta property=\"article:modified_time\" content=\"2023-06-22T09:36:34+00:00\" \/>\n<meta name=\"twitter:card\" content=\"summary_large_image\" \/>\n<meta name=\"twitter:site\" content=\"@fpcirgl1\" \/>\n<script type=\"application\/ld+json\" class=\"yoast-schema-graph\">{\"@context\":\"https:\/\/schema.org\",\"@graph\":[{\"@type\":\"WebPage\",\"@id\":\"https:\/\/old.fpcirgl.org\/en\/resolutions\/\",\"url\":\"https:\/\/old.fpcirgl.org\/en\/resolutions\/\",\"name\":\"Resolutions - Forum des Parlements des Etats membres de la Conf\u00e9rence Internationale sur la R\u00e9gion des Grands Lacs (FP-CIRGL)\",\"isPartOf\":{\"@id\":\"https:\/\/old.fpcirgl.org\/en\/#website\"},\"datePublished\":\"2023-06-22T09:36:33+00:00\",\"dateModified\":\"2023-06-22T09:36:34+00:00\",\"breadcrumb\":{\"@id\":\"https:\/\/old.fpcirgl.org\/en\/resolutions\/#breadcrumb\"},\"inLanguage\":\"en-US\",\"potentialAction\":[{\"@type\":\"ReadAction\",\"target\":[\"https:\/\/old.fpcirgl.org\/en\/resolutions\/\"]}]},{\"@type\":\"BreadcrumbList\",\"@id\":\"https:\/\/old.fpcirgl.org\/en\/resolutions\/#breadcrumb\",\"itemListElement\":[{\"@type\":\"ListItem\",\"position\":1,\"name\":\"Accueil\",\"item\":\"https:\/\/old.fpcirgl.org\/en\/\"},{\"@type\":\"ListItem\",\"position\":2,\"name\":\"Resolutions\"}]},{\"@type\":\"WebSite\",\"@id\":\"https:\/\/old.fpcirgl.org\/en\/#website\",\"url\":\"https:\/\/old.fpcirgl.org\/en\/\",\"name\":\"Forum des Parlements des Etats membres de la Conf\u00e9rence Internationale sur la R\u00e9gion des Grands Lacs (FP-CIRGL)\",\"description\":\"Ce site web permet d\u2019assurer de mani\u00e8re optimale la visibilit\u00e9 de l\u2019ensemble des actions entreprises par le FP-CIRGL et par ses partenaires.\",\"publisher\":{\"@id\":\"https:\/\/old.fpcirgl.org\/en\/#organization\"},\"potentialAction\":[{\"@type\":\"SearchAction\",\"target\":{\"@type\":\"EntryPoint\",\"urlTemplate\":\"https:\/\/old.fpcirgl.org\/en\/?s={search_term_string}\"},\"query-input\":{\"@type\":\"PropertyValueSpecification\",\"valueRequired\":true,\"valueName\":\"search_term_string\"}}],\"inLanguage\":\"en-US\"},{\"@type\":\"Organization\",\"@id\":\"https:\/\/old.fpcirgl.org\/en\/#organization\",\"name\":\"Forum des Parlements des Etats membres de la Conf\u00e9rence Internationale sur la R\u00e9gion des Grands Lacs (FP-CIRGL)\",\"url\":\"https:\/\/old.fpcirgl.org\/en\/\",\"logo\":{\"@type\":\"ImageObject\",\"inLanguage\":\"en-US\",\"@id\":\"https:\/\/old.fpcirgl.org\/en\/#\/schema\/logo\/image\/\",\"url\":\"https:\/\/old.fpcirgl.org\/wp-content\/uploads\/2020\/07\/cropped-LOGO-FORUM-DES-PARLEMENTS.jpg\",\"contentUrl\":\"https:\/\/old.fpcirgl.org\/wp-content\/uploads\/2020\/07\/cropped-LOGO-FORUM-DES-PARLEMENTS.jpg\",\"width\":1899,\"height\":409,\"caption\":\"Forum des Parlements des Etats membres de la Conf\u00e9rence Internationale sur la R\u00e9gion des Grands Lacs (FP-CIRGL)\"},\"image\":{\"@id\":\"https:\/\/old.fpcirgl.org\/en\/#\/schema\/logo\/image\/\"},\"sameAs\":[\"https:\/\/web.facebook.com\/fpcirgl\/\",\"https:\/\/x.com\/fpcirgl1\",\"https:\/\/www.linkedin.com\/in\/forum-des-parlements-de-la-cirgl-a26447a7\",\"https:\/\/www.youtube.com\/channel\/UCr5Xqomm6hyec53oH6ugnSQ\"]}]}<\/script>\n<!-- \/ Yoast SEO plugin. -->","yoast_head_json":{"title":"Resolutions - Forum des Parlements des Etats membres de la Conf\u00e9rence Internationale sur la R\u00e9gion des Grands Lacs (FP-CIRGL)","robots":{"index":"index","follow":"follow","max-snippet":"max-snippet:-1","max-image-preview":"max-image-preview:large","max-video-preview":"max-video-preview:-1"},"canonical":"https:\/\/old.fpcirgl.org\/en\/resolutions\/","og_locale":"en_US","og_type":"article","og_title":"Resolutions - Forum des Parlements des Etats membres de la Conf\u00e9rence Internationale sur la R\u00e9gion des Grands Lacs (FP-CIRGL)","og_url":"https:\/\/old.fpcirgl.org\/en\/resolutions\/","og_site_name":"Forum des Parlements des Etats membres de la Conf\u00e9rence Internationale sur la R\u00e9gion des Grands Lacs (FP-CIRGL)","article_publisher":"https:\/\/web.facebook.com\/fpcirgl\/","article_modified_time":"2023-06-22T09:36:34+00:00","twitter_card":"summary_large_image","twitter_site":"@fpcirgl1","schema":{"@context":"https:\/\/schema.org","@graph":[{"@type":"WebPage","@id":"https:\/\/old.fpcirgl.org\/en\/resolutions\/","url":"https:\/\/old.fpcirgl.org\/en\/resolutions\/","name":"Resolutions - Forum des Parlements des Etats membres de la Conf\u00e9rence Internationale sur la R\u00e9gion des Grands Lacs (FP-CIRGL)","isPartOf":{"@id":"https:\/\/old.fpcirgl.org\/en\/#website"},"datePublished":"2023-06-22T09:36:33+00:00","dateModified":"2023-06-22T09:36:34+00:00","breadcrumb":{"@id":"https:\/\/old.fpcirgl.org\/en\/resolutions\/#breadcrumb"},"inLanguage":"en-US","potentialAction":[{"@type":"ReadAction","target":["https:\/\/old.fpcirgl.org\/en\/resolutions\/"]}]},{"@type":"BreadcrumbList","@id":"https:\/\/old.fpcirgl.org\/en\/resolutions\/#breadcrumb","itemListElement":[{"@type":"ListItem","position":1,"name":"Accueil","item":"https:\/\/old.fpcirgl.org\/en\/"},{"@type":"ListItem","position":2,"name":"Resolutions"}]},{"@type":"WebSite","@id":"https:\/\/old.fpcirgl.org\/en\/#website","url":"https:\/\/old.fpcirgl.org\/en\/","name":"Forum des Parlements des Etats membres de la Conf\u00e9rence Internationale sur la R\u00e9gion des Grands Lacs (FP-CIRGL)","description":"Ce site web permet d\u2019assurer de mani\u00e8re optimale la visibilit\u00e9 de l\u2019ensemble des actions entreprises par le FP-CIRGL et par ses partenaires.","publisher":{"@id":"https:\/\/old.fpcirgl.org\/en\/#organization"},"potentialAction":[{"@type":"SearchAction","target":{"@type":"EntryPoint","urlTemplate":"https:\/\/old.fpcirgl.org\/en\/?s={search_term_string}"},"query-input":{"@type":"PropertyValueSpecification","valueRequired":true,"valueName":"search_term_string"}}],"inLanguage":"en-US"},{"@type":"Organization","@id":"https:\/\/old.fpcirgl.org\/en\/#organization","name":"Forum des Parlements des Etats membres de la Conf\u00e9rence Internationale sur la R\u00e9gion des Grands Lacs (FP-CIRGL)","url":"https:\/\/old.fpcirgl.org\/en\/","logo":{"@type":"ImageObject","inLanguage":"en-US","@id":"https:\/\/old.fpcirgl.org\/en\/#\/schema\/logo\/image\/","url":"https:\/\/old.fpcirgl.org\/wp-content\/uploads\/2020\/07\/cropped-LOGO-FORUM-DES-PARLEMENTS.jpg","contentUrl":"https:\/\/old.fpcirgl.org\/wp-content\/uploads\/2020\/07\/cropped-LOGO-FORUM-DES-PARLEMENTS.jpg","width":1899,"height":409,"caption":"Forum des Parlements des Etats membres de la Conf\u00e9rence Internationale sur la R\u00e9gion des Grands Lacs (FP-CIRGL)"},"image":{"@id":"https:\/\/old.fpcirgl.org\/en\/#\/schema\/logo\/image\/"},"sameAs":["https:\/\/web.facebook.com\/fpcirgl\/","https:\/\/x.com\/fpcirgl1","https:\/\/www.linkedin.com\/in\/forum-des-parlements-de-la-cirgl-a26447a7","https:\/\/www.youtube.com\/channel\/UCr5Xqomm6hyec53oH6ugnSQ"]}]}},"_links":{"self":[{"href":"https:\/\/old.fpcirgl.org\/en\/wp-json\/wp\/v2\/pages\/3262","targetHints":{"allow":["GET"]}}],"collection":[{"href":"https:\/\/old.fpcirgl.org\/en\/wp-json\/wp\/v2\/pages"}],"about":[{"href":"https:\/\/old.fpcirgl.org\/en\/wp-json\/wp\/v2\/types\/page"}],"author":[{"embeddable":true,"href":"https:\/\/old.fpcirgl.org\/en\/wp-json\/wp\/v2\/users\/1"}],"replies":[{"embeddable":true,"href":"https:\/\/old.fpcirgl.org\/en\/wp-json\/wp\/v2\/comments?post=3262"}],"version-history":[{"count":1,"href":"https:\/\/old.fpcirgl.org\/en\/wp-json\/wp\/v2\/pages\/3262\/revisions"}],"predecessor-version":[{"id":3267,"href":"https:\/\/old.fpcirgl.org\/en\/wp-json\/wp\/v2\/pages\/3262\/revisions\/3267"}],"wp:attachment":[{"href":"https:\/\/old.fpcirgl.org\/en\/wp-json\/wp\/v2\/media?parent=3262"}],"curies":[{"name":"wp","href":"https:\/\/api.w.org\/{rel}","templated":true}]}}