{"id":10,"date":"2020-03-12T22:52:53","date_gmt":"2020-03-12T22:52:53","guid":{"rendered":"https:\/\/old.fpcirgl.org\/?page_id=10"},"modified":"2022-02-07T07:51:27","modified_gmt":"2022-02-07T07:51:27","slug":"contact","status":"publish","type":"page","link":"https:\/\/old.fpcirgl.org\/fr\/contact\/","title":{"rendered":"Contact"},"content":{"rendered":"\n<p>Avez-vous des questions ? Voulez-vous discuter d\u2019un projet possible ? Voulez-vous en savoir un peu plus sur nous ou sur l\u2019une des activit\u00e9s du <a href=\"https:\/\/old.fpcirgl.org\/\"><strong>Forum des Parlements des \u00c9tats membres de la Conf\u00e9rence Internationale sur la R\u00e9gion des Grands Lacs (FP-CIRGL).<\/strong><\/a> ?<\/p>\n\n\n\n<p>S\u2019il vous plait, n\u2019h\u00e9sitez pas \u00e0 nous contacter \u00e0 nos adresses respectives ou via ce formulaire de contact, et nous allons vous r\u00e9pondre d\u00e8s que possible. C\u2019est une ferme promesse ! Nous vous remercions d\u2019avoir visit\u00e9 notre site.<\/p>\n\n\n\n","protected":false},"excerpt":{"rendered":"<p>Avez-vous des questions ? Voulez-vous discuter d\u2019un projet possible ? Voulez-vous en savoir un peu&#8230;<\/p>\n","protected":false},"author":1,"featured_media":0,"parent":0,"menu_order":0,"comment_status":"closed","ping_status":"closed","template":"","meta":{"ngg_post_thumbnail":0,"footnotes":""},"class_list":["post-10","page","type-page","status-publish","hentry"],"yoast_head":"<!-- This site is optimized with the Yoast SEO plugin v24.8.1 - https:\/\/yoast.com\/wordpress\/plugins\/seo\/ -->\n<title>Contact - Forum des Parlements des Etats membres de la Conf\u00e9rence Internationale sur la R\u00e9gion des Grands Lacs (FP-CIRGL)<\/title>\n<meta name=\"robots\" content=\"index, follow, max-snippet:-1, max-image-preview:large, max-video-preview:-1\" \/>\n<link rel=\"canonical\" href=\"https:\/\/old.fpcirgl.org\/fr\/contact\/\" \/>\n<meta property=\"og:locale\" content=\"fr_FR\" \/>\n<meta property=\"og:type\" content=\"article\" \/>\n<meta property=\"og:title\" content=\"Contact - Forum des Parlements des Etats membres de la Conf\u00e9rence Internationale sur la R\u00e9gion des Grands Lacs (FP-CIRGL)\" \/>\n<meta property=\"og:description\" content=\"Avez-vous des questions ? Voulez-vous discuter d\u2019un projet possible ? Voulez-vous en savoir un peu...\" \/>\n<meta property=\"og:url\" content=\"https:\/\/old.fpcirgl.org\/fr\/contact\/\" \/>\n<meta property=\"og:site_name\" content=\"Forum des Parlements des Etats membres de la Conf\u00e9rence Internationale sur la R\u00e9gion des Grands Lacs (FP-CIRGL)\" \/>\n<meta property=\"article:publisher\" content=\"https:\/\/web.facebook.com\/fpcirgl\/\" \/>\n<meta property=\"article:modified_time\" content=\"2022-02-07T07:51:27+00:00\" \/>\n<meta name=\"twitter:card\" content=\"summary_large_image\" \/>\n<meta name=\"twitter:site\" content=\"@fpcirgl1\" \/>\n<meta name=\"twitter:label1\" content=\"Dur\u00e9e de lecture estim\u00e9e\" \/>\n\t<meta name=\"twitter:data1\" content=\"1 minute\" \/>\n<script type=\"application\/ld+json\" class=\"yoast-schema-graph\">{\"@context\":\"https:\/\/schema.org\",\"@graph\":[{\"@type\":\"WebPage\",\"@id\":\"https:\/\/old.fpcirgl.org\/fr\/contact\/\",\"url\":\"https:\/\/old.fpcirgl.org\/fr\/contact\/\",\"name\":\"Contact - Forum des Parlements des Etats membres de la Conf\u00e9rence Internationale sur la R\u00e9gion des Grands Lacs (FP-CIRGL)\",\"isPartOf\":{\"@id\":\"https:\/\/old.fpcirgl.org\/fr\/#website\"},\"datePublished\":\"2020-03-12T22:52:53+00:00\",\"dateModified\":\"2022-02-07T07:51:27+00:00\",\"breadcrumb\":{\"@id\":\"https:\/\/old.fpcirgl.org\/fr\/contact\/#breadcrumb\"},\"inLanguage\":\"fr-FR\",\"potentialAction\":[{\"@type\":\"ReadAction\",\"target\":[\"https:\/\/old.fpcirgl.org\/fr\/contact\/\"]}]},{\"@type\":\"BreadcrumbList\",\"@id\":\"https:\/\/old.fpcirgl.org\/fr\/contact\/#breadcrumb\",\"itemListElement\":[{\"@type\":\"ListItem\",\"position\":1,\"name\":\"Accueil\",\"item\":\"https:\/\/old.fpcirgl.org\/fr\/\"},{\"@type\":\"ListItem\",\"position\":2,\"name\":\"Contact\"}]},{\"@type\":\"WebSite\",\"@id\":\"https:\/\/old.fpcirgl.org\/fr\/#website\",\"url\":\"https:\/\/old.fpcirgl.org\/fr\/\",\"name\":\"Forum des Parlements des Etats membres de la Conf\u00e9rence Internationale sur la R\u00e9gion des Grands Lacs (FP-CIRGL)\",\"description\":\"Ce site web permet d\u2019assurer de mani\u00e8re optimale la visibilit\u00e9 de l\u2019ensemble des actions entreprises par le FP-CIRGL et par ses partenaires.\",\"publisher\":{\"@id\":\"https:\/\/old.fpcirgl.org\/fr\/#organization\"},\"potentialAction\":[{\"@type\":\"SearchAction\",\"target\":{\"@type\":\"EntryPoint\",\"urlTemplate\":\"https:\/\/old.fpcirgl.org\/fr\/?s={search_term_string}\"},\"query-input\":{\"@type\":\"PropertyValueSpecification\",\"valueRequired\":true,\"valueName\":\"search_term_string\"}}],\"inLanguage\":\"fr-FR\"},{\"@type\":\"Organization\",\"@id\":\"https:\/\/old.fpcirgl.org\/fr\/#organization\",\"name\":\"Forum des Parlements des Etats membres de la Conf\u00e9rence Internationale sur la R\u00e9gion des Grands Lacs (FP-CIRGL)\",\"url\":\"https:\/\/old.fpcirgl.org\/fr\/\",\"logo\":{\"@type\":\"ImageObject\",\"inLanguage\":\"fr-FR\",\"@id\":\"https:\/\/old.fpcirgl.org\/fr\/#\/schema\/logo\/image\/\",\"url\":\"https:\/\/old.fpcirgl.org\/wp-content\/uploads\/2020\/07\/cropped-LOGO-FORUM-DES-PARLEMENTS.jpg\",\"contentUrl\":\"https:\/\/old.fpcirgl.org\/wp-content\/uploads\/2020\/07\/cropped-LOGO-FORUM-DES-PARLEMENTS.jpg\",\"width\":1899,\"height\":409,\"caption\":\"Forum des Parlements des Etats membres de la Conf\u00e9rence Internationale sur la R\u00e9gion des Grands Lacs (FP-CIRGL)\"},\"image\":{\"@id\":\"https:\/\/old.fpcirgl.org\/fr\/#\/schema\/logo\/image\/\"},\"sameAs\":[\"https:\/\/web.facebook.com\/fpcirgl\/\",\"https:\/\/x.com\/fpcirgl1\",\"https:\/\/www.linkedin.com\/in\/forum-des-parlements-de-la-cirgl-a26447a7\",\"https:\/\/www.youtube.com\/channel\/UCr5Xqomm6hyec53oH6ugnSQ\"]}]}<\/script>\n<!-- \/ Yoast SEO plugin. -->","yoast_head_json":{"title":"Contact - Forum des Parlements des Etats membres de la Conf\u00e9rence Internationale sur la R\u00e9gion des Grands Lacs (FP-CIRGL)","robots":{"index":"index","follow":"follow","max-snippet":"max-snippet:-1","max-image-preview":"max-image-preview:large","max-video-preview":"max-video-preview:-1"},"canonical":"https:\/\/old.fpcirgl.org\/fr\/contact\/","og_locale":"fr_FR","og_type":"article","og_title":"Contact - Forum des Parlements des Etats membres de la Conf\u00e9rence Internationale sur la R\u00e9gion des Grands Lacs (FP-CIRGL)","og_description":"Avez-vous des questions ? Voulez-vous discuter d\u2019un projet possible ? Voulez-vous en savoir un peu...","og_url":"https:\/\/old.fpcirgl.org\/fr\/contact\/","og_site_name":"Forum des Parlements des Etats membres de la Conf\u00e9rence Internationale sur la R\u00e9gion des Grands Lacs (FP-CIRGL)","article_publisher":"https:\/\/web.facebook.com\/fpcirgl\/","article_modified_time":"2022-02-07T07:51:27+00:00","twitter_card":"summary_large_image","twitter_site":"@fpcirgl1","twitter_misc":{"Dur\u00e9e de lecture estim\u00e9e":"1 minute"},"schema":{"@context":"https:\/\/schema.org","@graph":[{"@type":"WebPage","@id":"https:\/\/old.fpcirgl.org\/fr\/contact\/","url":"https:\/\/old.fpcirgl.org\/fr\/contact\/","name":"Contact - Forum des Parlements des Etats membres de la Conf\u00e9rence Internationale sur la R\u00e9gion des Grands Lacs (FP-CIRGL)","isPartOf":{"@id":"https:\/\/old.fpcirgl.org\/fr\/#website"},"datePublished":"2020-03-12T22:52:53+00:00","dateModified":"2022-02-07T07:51:27+00:00","breadcrumb":{"@id":"https:\/\/old.fpcirgl.org\/fr\/contact\/#breadcrumb"},"inLanguage":"fr-FR","potentialAction":[{"@type":"ReadAction","target":["https:\/\/old.fpcirgl.org\/fr\/contact\/"]}]},{"@type":"BreadcrumbList","@id":"https:\/\/old.fpcirgl.org\/fr\/contact\/#breadcrumb","itemListElement":[{"@type":"ListItem","position":1,"name":"Accueil","item":"https:\/\/old.fpcirgl.org\/fr\/"},{"@type":"ListItem","position":2,"name":"Contact"}]},{"@type":"WebSite","@id":"https:\/\/old.fpcirgl.org\/fr\/#website","url":"https:\/\/old.fpcirgl.org\/fr\/","name":"Forum des Parlements des Etats membres de la Conf\u00e9rence Internationale sur la R\u00e9gion des Grands Lacs (FP-CIRGL)","description":"Ce site web permet d\u2019assurer de mani\u00e8re optimale la visibilit\u00e9 de l\u2019ensemble des actions entreprises par le FP-CIRGL et par ses partenaires.","publisher":{"@id":"https:\/\/old.fpcirgl.org\/fr\/#organization"},"potentialAction":[{"@type":"SearchAction","target":{"@type":"EntryPoint","urlTemplate":"https:\/\/old.fpcirgl.org\/fr\/?s={search_term_string}"},"query-input":{"@type":"PropertyValueSpecification","valueRequired":true,"valueName":"search_term_string"}}],"inLanguage":"fr-FR"},{"@type":"Organization","@id":"https:\/\/old.fpcirgl.org\/fr\/#organization","name":"Forum des Parlements des Etats membres de la Conf\u00e9rence Internationale sur la R\u00e9gion des Grands Lacs (FP-CIRGL)","url":"https:\/\/old.fpcirgl.org\/fr\/","logo":{"@type":"ImageObject","inLanguage":"fr-FR","@id":"https:\/\/old.fpcirgl.org\/fr\/#\/schema\/logo\/image\/","url":"https:\/\/old.fpcirgl.org\/wp-content\/uploads\/2020\/07\/cropped-LOGO-FORUM-DES-PARLEMENTS.jpg","contentUrl":"https:\/\/old.fpcirgl.org\/wp-content\/uploads\/2020\/07\/cropped-LOGO-FORUM-DES-PARLEMENTS.jpg","width":1899,"height":409,"caption":"Forum des Parlements des Etats membres de la Conf\u00e9rence Internationale sur la R\u00e9gion des Grands Lacs (FP-CIRGL)"},"image":{"@id":"https:\/\/old.fpcirgl.org\/fr\/#\/schema\/logo\/image\/"},"sameAs":["https:\/\/web.facebook.com\/fpcirgl\/","https:\/\/x.com\/fpcirgl1","https:\/\/www.linkedin.com\/in\/forum-des-parlements-de-la-cirgl-a26447a7","https:\/\/www.youtube.com\/channel\/UCr5Xqomm6hyec53oH6ugnSQ"]}]}},"_links":{"self":[{"href":"https:\/\/old.fpcirgl.org\/fr\/wp-json\/wp\/v2\/pages\/10","targetHints":{"allow":["GET"]}}],"collection":[{"href":"https:\/\/old.fpcirgl.org\/fr\/wp-json\/wp\/v2\/pages"}],"about":[{"href":"https:\/\/old.fpcirgl.org\/fr\/wp-json\/wp\/v2\/types\/page"}],"author":[{"embeddable":true,"href":"https:\/\/old.fpcirgl.org\/fr\/wp-json\/wp\/v2\/users\/1"}],"replies":[{"embeddable":true,"href":"https:\/\/old.fpcirgl.org\/fr\/wp-json\/wp\/v2\/comments?post=10"}],"version-history":[{"count":16,"href":"https:\/\/old.fpcirgl.org\/fr\/wp-json\/wp\/v2\/pages\/10\/revisions"}],"predecessor-version":[{"id":1488,"href":"https:\/\/old.fpcirgl.org\/fr\/wp-json\/wp\/v2\/pages\/10\/revisions\/1488"}],"wp:attachment":[{"href":"https:\/\/old.fpcirgl.org\/fr\/wp-json\/wp\/v2\/media?parent=10"}],"curies":[{"name":"wp","href":"https:\/\/api.w.org\/{rel}","templated":true}]}}